{"id":46,"date":"2022-07-27T16:00:19","date_gmt":"2022-07-27T13:00:19","guid":{"rendered":"http:\/\/localhost\/?page_id=46"},"modified":"2022-09-19T12:00:11","modified_gmt":"2022-09-19T09:00:11","slug":"carreer","status":"publish","type":"page","link":"https:\/\/sayman.com.tr\/en\/carreer\/","title":{"rendered":"Carreer"},"content":{"rendered":"<div class=\"text-blmps\">\n<h1>\u0130\u015e BA\u015eVURU FORMU<\/h1>\n<div class=\"clear\"><\/div>\n<style>\n#ikform {width:100%; text-align:left;}<br \/>\n#ikform h2{ font-size:14px; color:#A42121; padding-bottom:5px;}<br \/>\n#ikform table td{ padding:10px; border:1px solid #ccc;}<br \/>\n#ikform  input{ padding:3px;}<br \/>\n<\/style>\n<p><script><br \/>\n\/\/ GUVENLIK RESMI<br \/>\nvar gkod=\"\";<br \/>\nfunction guvenlik(){<br \/>\nfor(var i=0;i<3;i++)\n{\nvar say=Math.random();\nif(Math.round(say)==0)\n{\ngkod+=String.fromCharCode(48+9*Math.random());\n}else {\ngkod+=String.fromCharCode(65+25*Math.random());\n}\n}\ndocument.getElementById(\"ekran\").innerHTML=gkod;\ndocument.getElementById(\"ekrann\").innerHTML=gkod;\n\n}\nguvenlik();\n\/\/ GUVENLIK RESMI BITTIIIIIIIII\n<\/script><\/p>\n<form name=\"Form1\" action=\"sayfalar.asp?LanguageID=1&amp;cid=5&amp;id=26&amp;d=g\" method=\"post\" onsubmit=\"return Kontrol()\">\n<div id=\"ikform\">\n<h2>GENEL B\u0130LG\u0130LER<\/h2>\n<div class=\"clear\"><\/div>\n<table width=\"100%\" border=\"0\" cellpadding=\"0\" cellspacing=\"0\" id=\"ikform\">\n<tbody>\n<tr>\n<td style=\"width: 158px\"><b>Ad\u0131 Soyad\u0131 *<\/b><\/td>\n<td><input name=\"ctl00$MiddleColumn$txtFirstName\" type=\"text\" id=\"ctl00_MiddleColumn_txtFirstName\" class=\"input1\" required=\"\"><br \/>\n<input name=\"ctl00$MiddleColumn$txtLastName\" type=\"text\" id=\"ctl00_MiddleColumn_txtLastName\" class=\"input1\" required=\"\"><br \/>\n&nbsp;<\/td>\n<\/tr>\n<tr class=\"renk1\">\n<td><strong>\u0130leti\u015fim Adresi *<\/strong><\/td>\n<td><textarea name=\"ctl00$MiddleColumn$txtAddress\" rows=\"2\" cols=\"20\" id=\"ctl00_MiddleColumn_txtAddress\" style=\"height:70px;width:100%;\" required=\"\"><\/textarea><\/td>\n<\/tr>\n<tr class=\"renk1\">\n<td><b>\u0130l<\/b> *<\/td>\n<td><select name=\"ctl00$MiddleColumn$ddlCity\" id=\"ctl00_MiddleColumn_ddlCity\" required=\"\"><option value=\"\">L\u00fctfen se\u00e7iniz<\/option><option value=\"Adana\">Adana<\/option><option value=\"Adiyaman\">Adiyaman<\/option><option value=\"Afyon\">Afyon<\/option><option value=\"Agri\">Agri<\/option><option value=\"Aksaray\">Aksaray<\/option><option value=\"Amasya\">Amasya<\/option><option value=\"Ankara\">Ankara<\/option><option value=\"Antalya\">Antalya<\/option><option value=\"Ardahan\">Ardahan<\/option><option value=\"Artvin\">Artvin<\/option><option value=\"Aydin\">Aydin<\/option><option value=\"Balikesir\">Balikesir<\/option><option value=\"Bartin\">Bartin<\/option><option value=\"Batman\">Batman<\/option><option value=\"Bayburt\">Bayburt<\/option><option value=\"Bilecik\">Bilecik<\/option><option value=\"Bing\u00f6l\">Bing\u00f6l<\/option><option value=\"Bitlis\">Bitlis<\/option><option value=\"Bolu\">Bolu<\/option><option value=\"Burdur\">Burdur<\/option><option value=\"Bursa\">Bursa<\/option><option value=\"\u00c7anakkale\">\u00c7anakkale<\/option><option value=\"\u00c7ankiri\">\u00c7ankiri<\/option><option value=\"\u00c7orum\">\u00c7orum<\/option><option value=\"Denizli\">Denizli<\/option><option value=\"Diyarbakir\">Diyarbakir<\/option><option value=\"D\u00fczce\">D\u00fczce<\/option><option value=\"Edirne\">Edirne<\/option><option value=\"Elazig\">Elazig<\/option><option value=\"Erzincan\">Erzincan<\/option><option value=\"Erzurum\">Erzurum<\/option><option value=\"Eskisehir\">Eskisehir<\/option><option value=\"Gaziantep\">Gaziantep<\/option><option value=\"Giresun\">Giresun<\/option><option value=\"G\u00fcm\u00fcshane\">G\u00fcm\u00fcshane<\/option><option value=\"Hakkari\">Hakkari<\/option><option value=\"Hatay\">Hatay<\/option><option value=\"I\u00e7el\">I\u00e7el<\/option><option value=\"Igdir\">Igdir<\/option><option value=\"Isparta\">Isparta<\/option><option value=\"Istanbul\">Istanbul<\/option><option value=\"Izmir\">Izmir<\/option><option value=\"Kahramanmaras\">Kahramanmaras<\/option><option value=\"Karab\u00fck\">Karab\u00fck<\/option><option value=\"Karaman\">Karaman<\/option><option value=\"Kars\">Kars<\/option><option value=\"Kastamonu\">Kastamonu<\/option><option value=\"Kayseri\">Kayseri<\/option><option value=\"Kilis\">Kilis<\/option><option value=\"Kirikkale\">Kirikkale<\/option><option value=\"Kirklareli\">Kirklareli<\/option><option value=\"Kirsehir\">Kirsehir<\/option><option value=\"Kocaeli\">Kocaeli<\/option><option value=\"Konya\">Konya<\/option><option value=\"K\u00fctahya\">K\u00fctahya<\/option><option value=\"Malatya\">Malatya<\/option><option value=\"Manisa\">Manisa<\/option><option value=\"Mardin\">Mardin<\/option><option value=\"Mu\u011fla\">Mu\u011fla<\/option><option value=\"Mus\">Mus<\/option><option value=\"Nevsehir\">Nevsehir<\/option><option value=\"Nigde\">Nigde<\/option><option value=\"Ordu\">Ordu<\/option><option value=\"Osmaniye\">Osmaniye<\/option><option value=\"Rize\">Rize<\/option><option value=\"Sakarya\">Sakarya<\/option><option value=\"Samsun\">Samsun<\/option><option value=\"Sanliurfa\">Sanliurfa<\/option><option value=\"Siirt\">Siirt<\/option><option value=\"Sinop\">Sinop<\/option><option value=\"Sirnak\">Sirnak<\/option><option value=\"Sivas\">Sivas<\/option><option value=\"Tekirdag\">Tekirdag<\/option><option value=\"Tokat\">Tokat<\/option><option value=\"Trabzon\">Trabzon<\/option><option value=\"Tunceli\">Tunceli<\/option><option value=\"Usak\">Usak<\/option><option value=\"Van\">Van<\/option><option value=\"Yalova\">Yalova<\/option><option value=\"Yozgat\">Yozgat<\/option><option value=\"Zonguldak\">Zonguldak<\/option><\/select><\/td>\n<\/tr>\n<tr>\n<td><b>Do\u011fum Yeri *<\/b><\/td>\n<td><select name=\"ctl00$MiddleColumn$ddlBirthPlace\" id=\"ctl00_MiddleColumn_ddlBirthPlace\" required=\"\"><option value=\"\">L\u00fctfen se\u00e7iniz<\/option><option value=\"Adana\">Adana<\/option><option value=\"Adiyaman\">Adiyaman<\/option><option value=\"Afyon\">Afyon<\/option><option value=\"Agri\">Agri<\/option><option value=\"Aksaray\">Aksaray<\/option><option value=\"Amasya\">Amasya<\/option><option value=\"Ankara\">Ankara<\/option><option value=\"Antalya\">Antalya<\/option><option value=\"Ardahan\">Ardahan<\/option><option value=\"Artvin\">Artvin<\/option><option value=\"Aydin\">Aydin<\/option><option value=\"Balikesir\">Balikesir<\/option><option value=\"Bartin\">Bartin<\/option><option value=\"Batman\">Batman<\/option><option value=\"Bayburt\">Bayburt<\/option><option value=\"Bilecik\">Bilecik<\/option><option value=\"Bing\u00f6l\">Bing\u00f6l<\/option><option value=\"Bitlis\">Bitlis<\/option><option value=\"Bolu\">Bolu<\/option><option value=\"Burdur\">Burdur<\/option><option value=\"Bursa\">Bursa<\/option><option value=\"\u00c7anakkale\">\u00c7anakkale<\/option><option value=\"\u00c7ankiri\">\u00c7ankiri<\/option><option value=\"\u00c7orum<\">\u00c7orum<\/option><option value=\"Denizli\">Denizli<\/option><option value=\"Diyarbakir\">Diyarbakir<\/option><option value=\"D\u00fczce\">D\u00fczce<\/option><option value=\"Edirne\">Edirne<\/option><option value=\"Elazig\">Elazig<\/option><option value=\"Erzincan\">Erzincan<\/option><option value=\"Erzurum\">Erzurum<\/option><option value=\"Eskisehir\">Eskisehir<\/option><option value=\"Gaziantep\">Gaziantep<\/option><option value=\"Giresun\">Giresun<\/option><option value=\"G\u00fcm\u00fcshane\">G\u00fcm\u00fcshane<\/option><option value=\"Hakkari\">Hakkari<\/option><option value=\"Hatay\">Hatay<\/option><option value=\"I\u00e7el\">I\u00e7el<\/option><option value=\"Igdir\">Igdir<\/option><option value=\"Isparta\">Isparta<\/option><option value=\"Istanbul\">Istanbul<\/option><option value=\"Izmir\">Izmir<\/option><option value=\"Kahramanmaras\">Kahramanmaras<\/option><option value=\"Karab\u00fck\">Karab\u00fck<\/option><option value=\"Karaman\">Karaman<\/option><option value=\"Kars\">Kars<\/option><option value=\"Kastamonu\">Kastamonu<\/option><option value=\"Kayseri\">Kayseri<\/option><option value=\"Kilis\">Kilis<\/option><option value=\"Kirikkale\">Kirikkale<\/option><option value=\"Kirklareli\">Kirklareli<\/option><option value=\"Kirsehir\">Kirsehir<\/option><option value=\"Kocaeli\">Kocaeli<\/option><option value=\"Konya\">Konya<\/option><option value=\"K\u00fctahya\">K\u00fctahya<\/option><option value=\"Malatya\">Malatya<\/option><option value=\"Manisa\">Manisa<\/option><option value=\"Mardin\">Mardin<\/option><option value=\"Mu\u011fla\">Mu\u011fla<\/option><option value=\"Mus\">Mus<\/option><option value=\"Nevsehir\">Nevsehir<\/option><option value=\"Nigde\">Nigde<\/option><option value=\"Ordu\">Ordu<\/option><option value=\"Osmaniye\">Osmaniye<\/option><option value=\"Rize\">Rize<\/option><option value=\"Sakarya\">Sakarya<\/option><option value=\"Samsun\">Samsun<\/option><option value=\"Sanliurfa\">Sanliurfa<\/option><option value=\"Siirt\">Siirt<\/option><option value=\"Sinop\">Sinop<\/option><option value=\"Sirnak\">Sirnak<\/option><option value=\"Sivas\">Sivas<\/option><option value=\"Tekirdag\">Tekirdag<\/option><option value=\"Tokat\">Tokat<\/option><option value=\"Trabzon\">Trabzon<\/option><option value=\"Tunceli\">Tunceli<\/option><option value=\"Usak\">Usak<\/option><option value=\"Van\">Van<\/option><option value=\"Yalova\">Yalova<\/option><option value=\"Yozgat\">Yozgat<\/option><option value=\"Zonguldak\">Zonguldak<\/option><\/select><\/td>\n<\/tr>\n<tr class=\"renk1\">\n<td><strong>Do\u011fum Y\u0131l\u0131 *<\/strong><\/td>\n<td><select name=\"ctl00$MiddleColumn$ddlBirthDate\" id=\"ctl00_MiddleColumn_ddlBirthDate\" required=\"\"><option value=\"\"><\/option><option value=\"\">L\u00fctfen se\u00e7iniz<\/option><option value=\"1930\">1930<\/option><option value=\"1931\">1931<\/option><option value=\"1932\">1932<\/option><option value=\"1933\">1933<\/option><option value=\"1934\">1934<\/option><option value=\"1935\">1935<\/option><option value=\"1936\">1936<\/option><option value=\"1937\">1937<\/option><option value=\"1938\">1938<\/option><option value=\"1939\">1939<\/option><option value=\"1940\">1940<\/option><option value=\"1941\">1941<\/option><option value=\"1942\">1942<\/option><option value=\"1943\">1943<\/option><option value=\"1944\">1944<\/option><option value=\"1945\">1945<\/option><option value=\"1946\">1946<\/option><option value=\"1947\">1947<\/option><option value=\"1948\">1948<\/option><option value=\"1949\">1949<\/option><option value=\"1950\">1950<\/option><option value=\"1951\">1951<\/option><option value=\"1952\">1952<\/option><option value=\"1953\">1953<\/option><option value=\"1954\">1954<\/option><option value=\"1955\">1955<\/option><option value=\"1956\">1956<\/option><option value=\"1957\">1957<\/option><option value=\"1958\">1958<\/option><option value=\"1959\">1959<\/option><option value=\"1960\">1960<\/option><option value=\"1961\">1961<\/option><option value=\"1962\">1962<\/option><option value=\"1963\">1963<\/option><option value=\"1964\">1964<\/option><option value=\"1965\">1965<\/option><option value=\"1966\">1966<\/option><option value=\"1967\">1967<\/option><option value=\"1968\">1968<\/option><option value=\"1969\">1969<\/option><option value=\"1970\">1970<\/option><option value=\"1971\">1971<\/option><option value=\"1972\">1972<\/option><option value=\"1973\">1973<\/option><option value=\"1974\">1974<\/option><option value=\"1975\">1975<\/option><option value=\"1976\">1976<\/option><option value=\"1977\">1977<\/option><option value=\"1978\">1978<\/option><option value=\"1979\">1979<\/option><option value=\"1980\">1980<\/option><option value=\"1981\">1981<\/option><option value=\"1982\">1982<\/option><option value=\"1983\">1983<\/option><option value=\"1984\">1984<\/option><option value=\"1985\">1985<\/option><option value=\"1986\">1986<\/option><option value=\"1987\">1987<\/option><option value=\"1988\">1988<\/option><option value=\"1989\">1989<\/option><option value=\"1990\">1990<\/option><option value=\"1991\">1991<\/option><option value=\"1992\">1992<\/option><option value=\"1993\">1993<\/option><option value=\"1994\">1994<\/option><option value=\"1995\">1995<\/option><\/select><\/td>\n<\/tr>\n<tr>\n<td><strong>Ev Telefonu<\/strong><\/td>\n<td><input name=\"ctl00$MiddleColumn$txtPhone\" type=\"text\" id=\"ctl00_MiddleColumn_txtPhone\" required=\"\"><\/td>\n<\/tr>\n<tr class=\"renk1\">\n<td><strong>Cep Telefonu *<\/strong><\/td>\n<td><input name=\"ctl00$MiddleColumn$txtGsm\" type=\"text\" id=\"ctl00_MiddleColumn_txtGsm\" required=\"\"><\/td>\n<\/tr>\n<tr>\n<td><strong>E-posta Adresiniz *<\/strong><\/td>\n<td><input name=\"ctl00$MiddleColumn$txtEmailAddress\" type=\"text\" id=\"ctl00_MiddleColumn_txtEmailAddress\" required=\"\"><\/td>\n<\/tr>\n<\/tbody>\n<\/table>\n<h2>GENEL \u00d6ZELL\u0130KLER<\/h2>\n<table width=\"100%\" border=\"0\" cellpadding=\"0\" cellspacing=\"0\" id=\"ikform\">\n<tbody>\n<tr class=\"renk1\">\n<td style=\"width: 158px\"><b>Askerlik Durumunuz<\/b><\/td>\n<td><select name=\"ctl00$MiddleColumn$radioMilitaryObligation\" id=\"ctl00_MiddleColumn_radioMilitaryObligation\" required=\"\"><option value=\"L\u00fctfen Se\u00e7iniz\">L\u00fctfen Se\u00e7iniz<\/option><option value=\"Yapt\u0131m\">Yapt\u0131m<\/option><option value=\"Yapmad\u0131m\">Yapmad\u0131m<\/option><option value=\"Muaf\">Muaf<\/option><\/select><\/td>\n<\/tr>\n<tr>\n<td align=\"left\"><b>Ehliyet Bilgileri<\/b><\/td>\n<td><select name=\"ctl00$MiddleColumn$ddlDrivingLicense\" id=\"ctl00_MiddleColumn_ddlDrivingLicense\" required=\"\"><option value=\"L\u00fctfen Se\u00e7iniz\">L\u00fctfen Se\u00e7iniz<\/option><option value=\"Evet Var\">Evet Var<\/option><option value=\"Hay\u0131r Yok\">Hay\u0131r Yok<\/option><\/select><\/td>\n<\/tr>\n<tr class=\"renk1\">\n<td><strong>Seyahat edebilir misiniz?<\/strong><\/td>\n<td><select name=\"ctl00$MiddleColumn$radioTravelAbility\" id=\"ctl00_MiddleColumn_radioTravelAbility\" required=\"\"><option value=\"L\u00fctfen Se\u00e7iniz\">L\u00fctfen Se\u00e7iniz<\/option><option value=\"Evet\">Evet<\/option><option value=\"Hay\u0131r\">Hay\u0131r<\/option><\/select><\/td>\n<\/tr>\n<tr>\n<td><b>Cinsiyet<\/b> *<\/td>\n<td><select name=\"ctl00$MiddleColumn$radioGender\" id=\"ctl00_MiddleColumn_radioGender\" required=\"\"><option value=\"L\u00fctfen Se\u00e7iniz\">L\u00fctfen Se\u00e7iniz<\/option><option value=\"Bay\">Bay<\/option><option value=\"Bayan\">Bayan<\/option><\/select><\/td>\n<\/tr>\n<tr class=\"renk1\">\n<td><b>Medeni Durumunuz<\/b> *<\/td>\n<td><select name=\"ctl00$MiddleColumn$radioMaritalStatus\" id=\"ctl00_MiddleColumn_radioMaritalStatus\" required=\"\"><option value=\"L\u00fctfen Se\u00e7iniz\">L\u00fctfen Se\u00e7iniz<\/option><option value=\"Evli\">Evli<\/option><option value=\"Bekar\">Bekar<\/option><option value=\"Dul\">Dul<\/option><option value=\"Bo\u015fanm\u0131\u015f\">Bo\u015fanm\u0131\u015f<\/option><\/select><\/td>\n<\/tr>\n<tr>\n<td><b>\u00c7ocuk Say\u0131s\u0131<\/b><\/td>\n<td><input name=\"ctl00$MiddleColumn$txtChildrens\" type=\"text\" id=\"ctl00_MiddleColumn_txtChildrens\" required=\"\"><\/td>\n<\/tr>\n<\/tbody>\n<\/table>\n<h2>E\u011e\u0130T\u0130M B\u0130LG\u0130LER\u0130<\/h2>\n<table width=\"100%\" border=\"0\" cellpadding=\"0\" cellspacing=\"0\" id=\"ikform\">\n<tbody>\n<tr>\n<td style=\"width: 158px\"><b>E\u011fitim Durumunuz * <\/b><\/td>\n<td><select name=\"ctl00$MiddleColumn$ddlEducation\" id=\"ctl00_MiddleColumn_ddlEducation\" required=\"\"><option value=\"L\u00fctfen Se\u00e7iniz\">L\u00fctfen Se\u00e7iniz<\/option><option value=\"\u0130lk\u00f6\u011fretim\">\u0130lk\u00f6\u011fretim<\/option><option value=\"Ortaokul\">Ortaokul<\/option><option value=\"Lise\">Lise<\/option><option value=\"\u00d6nlisans\">\u00d6nlisans<\/option><option value=\"Lisans\">Lisans<\/option><option value=\"Master\">Master<\/option><option value=\"Doktora\">Doktora<\/option><\/select><\/td>\n<\/tr>\n<tr class=\"renk1\">\n<td align=\"left\"><b>Okul Ad\u0131<\/b><\/td>\n<td><input name=\"ctl00$MiddleColumn$txtSchoolName\" type=\"text\" id=\"ctl00_MiddleColumn_txtSchoolName\" required=\"\"><\/td>\n<\/tr>\n<tr>\n<td><strong>Fak\u00fclte Ad\u0131<\/strong><\/td>\n<td><input name=\"ctl00$MiddleColumn$txtUniversityName\" type=\"text\" id=\"ctl00_MiddleColumn_txtUniversityName\" required=\"\"><\/td>\n<\/tr>\n<tr class=\"renk1\">\n<td><b>B\u00f6l\u00fcm Ad\u0131<\/b><\/td>\n<td><input name=\"ctl00$MiddleColumn$txtUniversityDepartment\" type=\"text\" id=\"ctl00_MiddleColumn_txtUniversityDepartment\" required=\"\"><\/td>\n<\/tr>\n<tr>\n<td><b>Mezuniyet Tarihi<\/b><\/td>\n<td><input name=\"ctl00$MiddleColumn$txtGraduateDate\" type=\"text\" id=\"ctl00_MiddleColumn_txtGraduateDate\" required=\"\"><\/td>\n<\/tr>\n<tr class=\"renk1\">\n<td><b>Yabanc\u0131 Dil<\/b><\/td>\n<td><select name=\"ctl00$MiddleColumn$ddlForeignLanguage\" id=\"ctl00_MiddleColumn_ddlForeignLanguage\" required=\"\"><option value=\"L\u00fctfen Se\u00e7iniz\">L\u00fctfen Se\u00e7iniz<\/option><option value=\"\u0130ngilizce\">\u0130ngilizce<\/option><option value=\"Frans\u0131zca\">Frans\u0131zca<\/option><option value=\"Almanca\">Almanca<\/option><option value=\"\u0130spanyolca\">\u0130spanyolca<\/option><option value=\"\u0130talyanca\">\u0130talyanca<\/option><option value=\"Yunanca\">Yunanca<\/option><option value=\"Rus\u00e7a\">Rus\u00e7a<\/option><option value=\"Arap\u00e7a\">Arap\u00e7a<\/option><\/select><\/td>\n<\/tr>\n<tr>\n<td><b>Derecesi<\/b><\/td>\n<td><select name=\"ctl00$MiddleColumn$ddlForeignLanguageDegree\" id=\"ctl00_MiddleColumn_ddlForeignLanguageDegree\" required=\"\"><option value=\"L\u00fctfen Se\u00e7iniz\">L\u00fctfen Se\u00e7iniz<\/option><option value=\"Zay\u0131f\">Zay\u0131f<\/option><option value=\"Orta\">Orta<\/option><option value=\"\u0130yi\">\u0130yi<\/option><option value=\"\u00c7ok \u0130yi\">\u00c7ok \u0130yi<\/option><\/select><\/td>\n<\/tr>\n<\/tbody>\n<\/table>\n<h2>\u0130\u015e TECR\u00dcBELER\u0130N\u0130Z<\/h2>\n<table width=\"100%\" border=\"0\" cellpadding=\"0\" cellspacing=\"0\" id=\"ikform\">\n<tbody>\n<tr>\n<td style=\"width: 158px\"><b>\u0130\u015f Tecr\u00fcbeniz? *<\/b><\/td>\n<td><select name=\"ctl00$MiddleColumn$ddlWorkingExperience\" id=\"ctl00_MiddleColumn_ddlWorkingExperience\" required=\"\"><option value=\"L\u00fctfen Se\u00e7iniz\">L\u00fctfen Se\u00e7iniz<\/option><option value=\"1 y\u0131l\">1 y\u0131l<\/option><option value=\"1 y\u0131l'dan fazla\">1 y\u0131l'dan fazla<\/option><option value=\"2 y\u0131l'dan fazla\">2 y\u0131l'dan fazla<\/option><option value=\"3 y\u0131l'dan fazla\">3 y\u0131l'dan fazla<\/option><option value=\"5 y\u0131l'dan fazla\">5 y\u0131l'dan fazla<\/option><\/select><\/td>\n<\/tr>\n<tr class=\"renk1\">\n<td align=\"left\"><b>G\u00f6reviniz *<\/b><\/td>\n<td><input name=\"ctl00$MiddleColumn$txtLastPosition\" type=\"text\" id=\"ctl00_MiddleColumn_txtLastPosition\" required=\"\"><\/td>\n<\/tr>\n<tr>\n<td><strong>En Son \u00c7al\u0131\u015ft\u0131\u011f\u0131n\u0131z Kurulu\u015f<\/strong><b> *<\/b><\/td>\n<td><input name=\"ctl00$MiddleColumn$txtLastCompany\" type=\"text\" id=\"ctl00_MiddleColumn_txtLastCompany\" required=\"\"><\/td>\n<\/tr>\n<tr class=\"renk1\">\n<td><b>\u00c7al\u0131\u015fma S\u00fcreniz *<\/b><\/td>\n<td><input name=\"ctl00$MiddleColumn$txtLastCompanyYears\" type=\"text\" id=\"ctl00_MiddleColumn_txtLastCompanyYears\" required=\"\"><\/td>\n<\/tr>\n<tr>\n<td><b>Ayr\u0131lma Nedeniniz *<\/b><\/td>\n<td><input name=\"ctl00$MiddleColumn$txtLastCompanyQuitReason\" type=\"text\" id=\"ctl00_MiddleColumn_txtLastCompanyQuitReason\" required=\"\"><\/td>\n<\/tr>\n<tr class=\"renk1\">\n<td><b>Bu Kurulu\u015ftaki \u00c7al\u0131\u015fmalar\u0131n\u0131z\u0131 K\u0131saca Anlat\u0131n\u0131z *<\/b><\/td>\n<td><textarea name=\"ctl00$MiddleColumn$txtLastCompanyDescription\" rows=\"2\" cols=\"20\" id=\"ctl00_MiddleColumn_txtLastCompanyDescription\" style=\"height:70px;width:100%;\" required=\"\"><\/textarea><\/td>\n<\/tr>\n<tr>\n<td><b>Eklemek \u0130stedikleriniz<\/b><\/td>\n<td><textarea name=\"ctl00$MiddleColumn$txtNotice\" rows=\"2\" cols=\"20\" id=\"ctl00_MiddleColumn_txtNotice\" style=\"height:70px;width:100%;\" required=\"\"><\/textarea><\/td>\n<\/tr>\n<\/tbody>\n<\/table>\n<style type=\"text\/css\">\n\t\t#ekran{font-size:13px; font-style:oblique; background-color:#0171b9; height:25px; color:#fff; width:80px; padding:5px 0 0 20px}<br \/>\n\t\t<\/style>\n<table width=\"100%\">\n<tbody>\n<tr>\n<td width=\"19%\"><strong> G\u00fcvenlik Kodu* <img decoding=\"async\" src=\"yokboylebirsey.gif\" style=\"width:120px; height:48px; position:absolute\"> <\/strong><\/p>\n<div id=\"ekran\">0XX4GO<\/div>\n<\/td>\n<td width=\"81%\"><input name=\"guvenlik\" type=\"text\" class=\"input\" required=\"\"><\/td>\n<\/tr>\n<\/tbody>\n<\/table>\n<p><input class=\"Buton\" type=\"submit\" style=\"background-color:#A42121; color:#FFFFFF; border:1px solid #A42121; padding:4px; width:100px; -webkit-border-radius: 5px;\n\t-moz-border-radius: 5px;\n\tborder-radius: 5px;\" value=\"G\u00f6nder\" name=\"Submit\"><\/p>\n<\/div>\n<\/form>\n<div class=\"clear\"><\/div>\n<div class=\"clear\"><\/div>\n<div class=\"clear\"><\/div>\n<div class=\"clear\"><\/div>\n<\/div>\n","protected":false},"excerpt":{"rendered":"<p>\u0130\u015e BA\u015eVURU FORMU GENEL B\u0130LG\u0130LER Ad\u0131 Soyad\u0131 * &nbsp; \u0130leti\u015fim Adresi * \u0130l * L\u00fctfen se\u00e7inizAdanaAdiyamanAfyonAgriAksarayAmasyaAnkaraAntalyaArdahanArtvinAydinBalikesirBartinBatmanBayburtBilecikBing\u00f6lBitlisBoluBurdurBursa\u00c7anakkale\u00c7ankiri\u00c7orumDenizliDiyarbakirD\u00fczceEdirneElazigErzincanErzurumEskisehirGaziantepGiresunG\u00fcm\u00fcshaneHakkariHatayI\u00e7elIgdirIspartaIstanbulIzmirKahramanmarasKarab\u00fckKaramanKarsKastamonuKayseriKilisKirikkaleKirklareliKirsehirKocaeliKonyaK\u00fctahyaMalatyaManisaMardinMu\u011flaMusNevsehirNigdeOrduOsmaniyeRizeSakaryaSamsunSanliurfaSiirtSinopSirnakSivasTekirdagTokatTrabzonTunceliUsakVanYalovaYozgatZonguldak Do\u011fum Yeri * L\u00fctfen se\u00e7inizAdanaAdiyamanAfyonAgriAksarayAmasyaAnkaraAntalyaArdahanArtvinAydinBalikesirBartinBatmanBayburtBilecikBing\u00f6lBitlisBoluBurdurBursa\u00c7anakkale\u00c7ankiri\u00c7orumDenizliDiyarbakirD\u00fczceEdirneElazigErzincanErzurumEskisehirGaziantepGiresunG\u00fcm\u00fcshaneHakkariHatayI\u00e7elIgdirIspartaIstanbulIzmirKahramanmarasKarab\u00fckKaramanKarsKastamonuKayseriKilisKirikkaleKirklareliKirsehirKocaeliKonyaK\u00fctahyaMalatyaManisaMardinMu\u011flaMusNevsehirNigdeOrduOsmaniyeRizeSakaryaSamsunSanliurfaSiirtSinopSirnakSivasTekirdagTokatTrabzonTunceliUsakVanYalovaYozgatZonguldak Do\u011fum Y\u0131l\u0131 * L\u00fctfen se\u00e7iniz193019311932193319341935193619371938193919401941194219431944194519461947194819491950195119521953195419551956195719581959196019611962196319641965196619671968196919701971197219731974197519761977197819791980198119821983198419851986198719881989199019911992199319941995 Ev Telefonu Cep Telefonu * E-posta Adresiniz * GENEL \u00d6ZELL\u0130KLER Askerlik Durumunuz L\u00fctfen Se\u00e7inizYapt\u0131mYapmad\u0131mMuaf Ehliyet Bilgileri L\u00fctfen Se\u00e7inizEvet VarHay\u0131r Yok Seyahat edebilir misiniz? L\u00fctfen Se\u00e7inizEvetHay\u0131r Cinsiyet * L\u00fctfen Se\u00e7inizBayBayan [&hellip;]<\/p>\n","protected":false},"author":1,"featured_media":0,"parent":0,"menu_order":0,"comment_status":"closed","ping_status":"closed","template":"kariyer-sablon.php","meta":{"footnotes":""},"class_list":["post-46","page","type-page","status-publish","hentry"],"_links":{"self":[{"href":"https:\/\/sayman.com.tr\/en\/wp-json\/wp\/v2\/pages\/46","targetHints":{"allow":["GET"]}}],"collection":[{"href":"https:\/\/sayman.com.tr\/en\/wp-json\/wp\/v2\/pages"}],"about":[{"href":"https:\/\/sayman.com.tr\/en\/wp-json\/wp\/v2\/types\/page"}],"author":[{"embeddable":true,"href":"https:\/\/sayman.com.tr\/en\/wp-json\/wp\/v2\/users\/1"}],"replies":[{"embeddable":true,"href":"https:\/\/sayman.com.tr\/en\/wp-json\/wp\/v2\/comments?post=46"}],"version-history":[{"count":3,"href":"https:\/\/sayman.com.tr\/en\/wp-json\/wp\/v2\/pages\/46\/revisions"}],"predecessor-version":[{"id":324,"href":"https:\/\/sayman.com.tr\/en\/wp-json\/wp\/v2\/pages\/46\/revisions\/324"}],"wp:attachment":[{"href":"https:\/\/sayman.com.tr\/en\/wp-json\/wp\/v2\/media?parent=46"}],"curies":[{"name":"wp","href":"https:\/\/api.w.org\/{rel}","templated":true}]}}