{"id":32,"date":"2022-07-27T13:26:37","date_gmt":"2022-07-27T10:26:37","guid":{"rendered":"http:\/\/localhost\/?page_id=32"},"modified":"2022-07-27T15:07:52","modified_gmt":"2022-07-27T12:07:52","slug":"plast-eurasia-istanbul-2015","status":"publish","type":"page","link":"https:\/\/sayman.com.tr\/en\/news\/expos\/plast-eurasia-istanbul-2015\/","title":{"rendered":"Plast Eurasia \u0130stanbul 2015"},"content":{"rendered":"\n<p>Sayman Kimya 03-06 Aral\u0131k 2015 tarihinde d\u00fczenlenecek olan Plast Eurasia fuar\u0131na kat\u0131lacakt\u0131r. Sizleri de firma stand\u0131m\u0131za bekliyor olaca\u011f\u0131z.<\/p>\n","protected":false},"excerpt":{"rendered":"<p>Sayman Kimya 03-06 Aral\u0131k 2015 tarihinde d\u00fczenlenecek olan Plast Eurasia fuar\u0131na kat\u0131lacakt\u0131r. Sizleri de firma stand\u0131m\u0131za bekliyor olaca\u011f\u0131z.<\/p>\n","protected":false},"author":1,"featured_media":0,"parent":25,"menu_order":0,"comment_status":"closed","ping_status":"closed","template":"fuar-ic-sablon.php","meta":{"footnotes":""},"class_list":["post-32","page","type-page","status-publish","hentry"],"_links":{"self":[{"href":"https:\/\/sayman.com.tr\/en\/wp-json\/wp\/v2\/pages\/32","targetHints":{"allow":["GET"]}}],"collection":[{"href":"https:\/\/sayman.com.tr\/en\/wp-json\/wp\/v2\/pages"}],"about":[{"href":"https:\/\/sayman.com.tr\/en\/wp-json\/wp\/v2\/types\/page"}],"author":[{"embeddable":true,"href":"https:\/\/sayman.com.tr\/en\/wp-json\/wp\/v2\/users\/1"}],"replies":[{"embeddable":true,"href":"https:\/\/sayman.com.tr\/en\/wp-json\/wp\/v2\/comments?post=32"}],"version-history":[{"count":2,"href":"https:\/\/sayman.com.tr\/en\/wp-json\/wp\/v2\/pages\/32\/revisions"}],"predecessor-version":[{"id":34,"href":"https:\/\/sayman.com.tr\/en\/wp-json\/wp\/v2\/pages\/32\/revisions\/34"}],"up":[{"embeddable":true,"href":"https:\/\/sayman.com.tr\/en\/wp-json\/wp\/v2\/pages\/25"}],"wp:attachment":[{"href":"https:\/\/sayman.com.tr\/en\/wp-json\/wp\/v2\/media?parent=32"}],"curies":[{"name":"wp","href":"https:\/\/api.w.org\/{rel}","templated":true}]}}